{"id":35905,"date":"2022-03-06T12:48:43","date_gmt":"2022-03-06T17:48:43","guid":{"rendered":"https:\/\/castroasociados.com.ec\/?page_id=35905"},"modified":"2022-03-06T13:03:43","modified_gmt":"2022-03-06T18:03:43","slug":"ricardo-xavier-baculima-ruiz","status":"publish","type":"page","link":"https:\/\/castroasociados.com.ec\/en\/ricardo-xavier-baculima-ruiz\/","title":{"rendered":"RICARDO XAVIER BACULIMA RUIZ"},"content":{"rendered":"<div class=\"vc_row wpb_row vc_row-fluid\"><div class=\"wpb_column vc_column_container vc_col-sm-3\"><div class=\"vc_column-inner\"><div class=\"wpb_wrapper\">\n\t<div  class=\"wpb_single_image wpb_content_element vc_align_left\">\n\t\t\n\t\t<figure class=\"wpb_wrapper vc_figure\">\n\t\t\t<div class=\"vc_single_image-wrapper vc_box_shadow  vc_box_border_grey\"><img loading=\"lazy\" decoding=\"async\" width=\"500\" height=\"667\" src=\"https:\/\/castroasociados.com.ec\/wp-content\/uploads\/2022\/03\/RicardoBaculima.jpg\" class=\"vc_single_image-img attachment-large\" alt=\"Ricardo Baculima\" title=\"Ricardo Baculima\" srcset=\"https:\/\/castroasociados.com.ec\/wp-content\/uploads\/2022\/03\/RicardoBaculima.jpg 500w, https:\/\/castroasociados.com.ec\/wp-content\/uploads\/2022\/03\/RicardoBaculima-225x300.jpg 225w, https:\/\/castroasociados.com.ec\/wp-content\/uploads\/2022\/03\/RicardoBaculima-9x12.jpg 9w\" sizes=\"auto, (max-width: 500px) 100vw, 500px\"  data-dt-location=\"https:\/\/castroasociados.com.ec\/en\/ricardo-xavier-baculima-ruiz\/ricardobaculima\/\" \/><\/div>\n\t\t<\/figure>\n\t<\/div>\n<\/div><\/div><\/div><div class=\"wpb_column vc_column_container vc_col-sm-9\"><div class=\"vc_column-inner\"><div class=\"wpb_wrapper\">\n\t<div class=\"wpb_text_column wpb_content_element\" >\n\t\t<div class=\"wpb_wrapper\">\n\t\t\t<div class=\"page\" title=\"Page 1\">\n<div class=\"section\">\n<div class=\"layoutArea\">\n<div class=\"column\">\n<div class=\"page\" title=\"Page 1\">\n<div class=\"section\">\n<div class=\"layoutArea\">\n<div class=\"column\">\n<h3>RICARDO XAVIER BACULIMA RUIZ<\/h3>\n<\/div>\n<\/div>\n<\/div>\n<\/div>\n<\/div>\n<\/div>\n<\/div>\n<\/div>\n\n\t\t<\/div>\n\t<\/div>\n\n\t<div class=\"wpb_text_column wpb_content_element\" >\n\t\t<div class=\"wpb_wrapper\">\n\t\t\t<div class=\"page\" title=\"Page 1\">\n<div class=\"layoutArea\">\n<div class=\"column\">\n<p>Licenciado en Ciencias Sociales y Poli\u0301ticas, Abogado de los Tribunales de la Repu\u0301blica, Ma\u0301ster en Management<\/p>\n<\/div>\n<\/div>\n<\/div>\n\n\t\t<\/div>\n\t<\/div>\n<div class=\"vc_row wpb_row vc_inner vc_row-fluid\"><div class=\"wpb_column vc_column_container vc_col-sm-6\"><div class=\"vc_column-inner\"><div class=\"wpb_wrapper\">\n\t<div class=\"wpb_text_column wpb_content_element\" >\n\t\t<div class=\"wpb_wrapper\">\n\t\t\t<p>Habilidades:<\/p>\n<ul>\n<li>Proactivo<\/li>\n<li>L\u00edder<\/li>\n<li>Manejo de Personal<\/li>\n<li>Planificaci\u00f3n Estrat\u00e9gica<\/li>\n<\/ul>\n\n\t\t<\/div>\n\t<\/div>\n<\/div><\/div><\/div><div class=\"wpb_column vc_column_container vc_col-sm-6\"><div class=\"vc_column-inner\"><div class=\"wpb_wrapper\">\n\t<div class=\"wpb_text_column wpb_content_element\" >\n\t\t<div class=\"wpb_wrapper\">\n\t\t\t<p>Especialidades:<\/p>\n<ul>\n<li>Constitucio\u0301n de compan\u0303i\u0301as<\/li>\n<li>Rehabilitacio\u0301n de sociedades<\/li>\n<li>Seguimiento de juicios<\/li>\n<li>Elaboracio\u0301n de contratos mercantiles, civiles, constitucio\u0301n de fideicomisos<\/li>\n<li>Registros de escrituras<\/li>\n<li>Gestio\u0301n de procedimientos administrativos<\/li>\n<li>Asesori\u0301a en el a\u0301rea societaria, civil y seguros<\/li>\n<\/ul>\n\n\t\t<\/div>\n\t<\/div>\n<\/div><\/div><\/div><\/div><div class=\"vc_row wpb_row vc_inner vc_row-fluid\"><div class=\"wpb_column vc_column_container vc_col-sm-6\"><div class=\"vc_column-inner\"><div class=\"wpb_wrapper\">\n\t<div class=\"wpb_text_column wpb_content_element\" >\n\t\t<div class=\"wpb_wrapper\">\n\t\t\t<p>Idiomas:<\/p>\n<ul>\n<li>Espa\u00f1ol<\/li>\n<li>Ingl\u00e9s<\/li>\n<\/ul>\n\n\t\t<\/div>\n\t<\/div>\n<\/div><\/div><\/div><div class=\"wpb_column vc_column_container vc_col-sm-6\"><div class=\"vc_column-inner\"><div class=\"wpb_wrapper\"><\/div><\/div><\/div><\/div><\/div><\/div><\/div><\/div>","protected":false},"excerpt":{"rendered":"<p>RICARDO XAVIER BACULIMA RUIZ Licenciado en Ciencias Sociales y Poli\u0301ticas, Abogado de los Tribunales de la Repu\u0301blica, Ma\u0301ster en Management Habilidades: Proactivo L\u00edder Manejo de Personal Planificaci\u00f3n Estrat\u00e9gica Especialidades: Constitucio\u0301n de compan\u0303i\u0301as Rehabilitacio\u0301n de sociedades Seguimiento de juicios Elaboracio\u0301n de contratos mercantiles, civiles, constitucio\u0301n de fideicomisos Registros de escrituras Gestio\u0301n de procedimientos administrativos Asesori\u0301a en&hellip;<\/p>","protected":false},"author":1,"featured_media":0,"parent":0,"menu_order":0,"comment_status":"closed","ping_status":"closed","template":"","meta":{"_joinchat":[],"footnotes":""},"class_list":["post-35905","page","type-page","status-publish","hentry","description-off"],"_links":{"self":[{"href":"https:\/\/castroasociados.com.ec\/en\/wp-json\/wp\/v2\/pages\/35905","targetHints":{"allow":["GET"]}}],"collection":[{"href":"https:\/\/castroasociados.com.ec\/en\/wp-json\/wp\/v2\/pages"}],"about":[{"href":"https:\/\/castroasociados.com.ec\/en\/wp-json\/wp\/v2\/types\/page"}],"author":[{"embeddable":true,"href":"https:\/\/castroasociados.com.ec\/en\/wp-json\/wp\/v2\/users\/1"}],"replies":[{"embeddable":true,"href":"https:\/\/castroasociados.com.ec\/en\/wp-json\/wp\/v2\/comments?post=35905"}],"version-history":[{"count":0,"href":"https:\/\/castroasociados.com.ec\/en\/wp-json\/wp\/v2\/pages\/35905\/revisions"}],"wp:attachment":[{"href":"https:\/\/castroasociados.com.ec\/en\/wp-json\/wp\/v2\/media?parent=35905"}],"curies":[{"name":"wp","href":"https:\/\/api.w.org\/{rel}","templated":true}]}}