{"id":35898,"date":"2022-03-05T19:44:08","date_gmt":"2022-03-06T00:44:08","guid":{"rendered":"https:\/\/castroasociados.com.ec\/?page_id=35898"},"modified":"2022-03-05T19:45:06","modified_gmt":"2022-03-06T00:45:06","slug":"maria-fernanda-cevallos-coronel","status":"publish","type":"page","link":"https:\/\/castroasociados.com.ec\/en\/maria-fernanda-cevallos-coronel\/","title":{"rendered":"MAR\u00cdA FERNANDA CEVALLOS CORONEL"},"content":{"rendered":"<div class=\"vc_row wpb_row vc_row-fluid\"><div class=\"wpb_column vc_column_container vc_col-sm-3\"><div class=\"vc_column-inner\"><div class=\"wpb_wrapper\">\n\t<div  class=\"wpb_single_image wpb_content_element vc_align_left\">\n\t\t\n\t\t<figure class=\"wpb_wrapper vc_figure\">\n\t\t\t<div class=\"vc_single_image-wrapper vc_box_shadow  vc_box_border_grey\"><img loading=\"lazy\" decoding=\"async\" width=\"500\" height=\"645\" src=\"https:\/\/castroasociados.com.ec\/wp-content\/uploads\/2022\/03\/FernandaCevallos.jpg\" class=\"vc_single_image-img attachment-large\" alt=\"Fernanda Cevallos\" title=\"Fernanda Cevallos\" srcset=\"https:\/\/castroasociados.com.ec\/wp-content\/uploads\/2022\/03\/FernandaCevallos.jpg 500w, https:\/\/castroasociados.com.ec\/wp-content\/uploads\/2022\/03\/FernandaCevallos-233x300.jpg 233w, https:\/\/castroasociados.com.ec\/wp-content\/uploads\/2022\/03\/FernandaCevallos-9x12.jpg 9w\" sizes=\"auto, (max-width: 500px) 100vw, 500px\"  data-dt-location=\"https:\/\/castroasociados.com.ec\/en\/maria-fernanda-cevallos-coronel\/fernandacevallos\/\" \/><\/div>\n\t\t<\/figure>\n\t<\/div>\n<\/div><\/div><\/div><div class=\"wpb_column vc_column_container vc_col-sm-9\"><div class=\"vc_column-inner\"><div class=\"wpb_wrapper\">\n\t<div class=\"wpb_text_column wpb_content_element\" >\n\t\t<div class=\"wpb_wrapper\">\n\t\t\t<div class=\"page\" title=\"Page 1\">\n<div class=\"section\">\n<div class=\"layoutArea\">\n<div class=\"column\">\n<div class=\"page\" title=\"Page 1\">\n<div class=\"section\">\n<div class=\"layoutArea\">\n<div class=\"column\">\n<h3>MARI\u0301A FERNANDA CEVALLOS CORONEL<\/h3>\n<\/div>\n<\/div>\n<\/div>\n<\/div>\n<\/div>\n<\/div>\n<\/div>\n<\/div>\n\n\t\t<\/div>\n\t<\/div>\n\n\t<div class=\"wpb_text_column wpb_content_element\" >\n\t\t<div class=\"wpb_wrapper\">\n\t\t\t<p>Directora de Divisio\u0301n Propiedad Intelectual y Branding de la firma Castro &amp; Asociados Estudio Jur\u00eddico Empresarial, con experiencia en Marcas y Propiedad Intelectual<\/p>\n\n\t\t<\/div>\n\t<\/div>\n<div class=\"vc_row wpb_row vc_inner vc_row-fluid\"><div class=\"wpb_column vc_column_container vc_col-sm-6\"><div class=\"vc_column-inner\"><div class=\"wpb_wrapper\">\n\t<div class=\"wpb_text_column wpb_content_element\" >\n\t\t<div class=\"wpb_wrapper\">\n\t\t\t<p>Habilidades:<\/p>\n<ul>\n<li>Proactivo<\/li>\n<li>L\u00edder<\/li>\n<li>Manejo de Personal<\/li>\n<li>Planificaci\u00f3n Estrat\u00e9gica<\/li>\n<\/ul>\n\n\t\t<\/div>\n\t<\/div>\n<\/div><\/div><\/div><div class=\"wpb_column vc_column_container vc_col-sm-6\"><div class=\"vc_column-inner\"><div class=\"wpb_wrapper\">\n\t<div class=\"wpb_text_column wpb_content_element\" >\n\t\t<div class=\"wpb_wrapper\">\n\t\t\t<p>Especialidades:<\/p>\n<ul>\n<li>Comunicaci\u00f3n<\/li>\n<li>Publicidad<\/li>\n<li>Marketing Politico<\/li>\n<li>Propiedad Int.<\/li>\n<li>\n<div class=\"page\" title=\"Page 1\">\n<div class=\"section\">\n<div class=\"layoutArea\">\n<div class=\"column\"><\/div>\n<\/div>\n<div class=\"layoutArea\">\n<div class=\"column\">\n<p>Relaciones P\u00fablicas<\/p>\n<\/div>\n<\/div>\n<\/div>\n<\/div>\n<\/li>\n<\/ul>\n\n\t\t<\/div>\n\t<\/div>\n<\/div><\/div><\/div><\/div><div class=\"vc_row wpb_row vc_inner vc_row-fluid\"><div class=\"wpb_column vc_column_container vc_col-sm-6\"><div class=\"vc_column-inner\"><div class=\"wpb_wrapper\">\n\t<div class=\"wpb_text_column wpb_content_element\" >\n\t\t<div class=\"wpb_wrapper\">\n\t\t\t<p>Idiomas:<\/p>\n<ul>\n<li>Espa\u00f1ol<\/li>\n<li>Ingl\u00e9s<\/li>\n<\/ul>\n\n\t\t<\/div>\n\t<\/div>\n<\/div><\/div><\/div><div class=\"wpb_column vc_column_container vc_col-sm-6\"><div class=\"vc_column-inner\"><div class=\"wpb_wrapper\"><\/div><\/div><\/div><\/div><\/div><\/div><\/div><\/div>","protected":false},"excerpt":{"rendered":"<p>MARI\u0301A FERNANDA CEVALLOS CORONEL Directora de Divisio\u0301n Propiedad Intelectual y Branding de la firma Castro &amp; Asociados Estudio Jur\u00eddico Empresarial, con experiencia en Marcas y Propiedad Intelectual Habilidades: Proactivo L\u00edder Manejo de Personal Planificaci\u00f3n Estrat\u00e9gica Especialidades: Comunicaci\u00f3n Publicidad Marketing Politico Propiedad Int. Relaciones P\u00fablicas Idiomas: Espa\u00f1ol Ingl\u00e9s<\/p>","protected":false},"author":1,"featured_media":0,"parent":0,"menu_order":0,"comment_status":"closed","ping_status":"closed","template":"","meta":{"_joinchat":[],"footnotes":""},"class_list":["post-35898","page","type-page","status-publish","hentry","description-off"],"_links":{"self":[{"href":"https:\/\/castroasociados.com.ec\/en\/wp-json\/wp\/v2\/pages\/35898","targetHints":{"allow":["GET"]}}],"collection":[{"href":"https:\/\/castroasociados.com.ec\/en\/wp-json\/wp\/v2\/pages"}],"about":[{"href":"https:\/\/castroasociados.com.ec\/en\/wp-json\/wp\/v2\/types\/page"}],"author":[{"embeddable":true,"href":"https:\/\/castroasociados.com.ec\/en\/wp-json\/wp\/v2\/users\/1"}],"replies":[{"embeddable":true,"href":"https:\/\/castroasociados.com.ec\/en\/wp-json\/wp\/v2\/comments?post=35898"}],"version-history":[{"count":0,"href":"https:\/\/castroasociados.com.ec\/en\/wp-json\/wp\/v2\/pages\/35898\/revisions"}],"wp:attachment":[{"href":"https:\/\/castroasociados.com.ec\/en\/wp-json\/wp\/v2\/media?parent=35898"}],"curies":[{"name":"wp","href":"https:\/\/api.w.org\/{rel}","templated":true}]}}