{"id":35891,"date":"2022-03-05T16:35:09","date_gmt":"2022-03-05T21:35:09","guid":{"rendered":"https:\/\/castroasociados.com.ec\/?page_id=35891"},"modified":"2022-03-05T16:44:04","modified_gmt":"2022-03-05T21:44:04","slug":"milton-andres-castro-moran","status":"publish","type":"page","link":"https:\/\/castroasociados.com.ec\/en\/milton-andres-castro-moran\/","title":{"rendered":"MILTON ANDR\u00c9S CASTRO MOR\u00c1N"},"content":{"rendered":"<div class=\"vc_row wpb_row vc_row-fluid\"><div class=\"wpb_column vc_column_container vc_col-sm-3\"><div class=\"vc_column-inner\"><div class=\"wpb_wrapper\">\n\t<div  class=\"wpb_single_image wpb_content_element vc_align_left\">\n\t\t\n\t\t<figure class=\"wpb_wrapper vc_figure\">\n\t\t\t<div class=\"vc_single_image-wrapper vc_box_shadow  vc_box_border_grey\"><img loading=\"lazy\" decoding=\"async\" width=\"500\" height=\"750\" src=\"https:\/\/castroasociados.com.ec\/wp-content\/uploads\/2022\/03\/MltonCastro.jpg\" class=\"vc_single_image-img attachment-large\" alt=\"Milton Castro\" title=\"Mlton Castro\" srcset=\"https:\/\/castroasociados.com.ec\/wp-content\/uploads\/2022\/03\/MltonCastro.jpg 500w, https:\/\/castroasociados.com.ec\/wp-content\/uploads\/2022\/03\/MltonCastro-200x300.jpg 200w, https:\/\/castroasociados.com.ec\/wp-content\/uploads\/2022\/03\/MltonCastro-8x12.jpg 8w\" sizes=\"auto, (max-width: 500px) 100vw, 500px\"  data-dt-location=\"https:\/\/castroasociados.com.ec\/en\/milton-andres-castro-moran\/mltoncastro\/\" \/><\/div>\n\t\t<\/figure>\n\t<\/div>\n<\/div><\/div><\/div><div class=\"wpb_column vc_column_container vc_col-sm-9\"><div class=\"vc_column-inner\"><div class=\"wpb_wrapper\">\n\t<div class=\"wpb_text_column wpb_content_element\" >\n\t\t<div class=\"wpb_wrapper\">\n\t\t\t<div class=\"page\" title=\"Page 1\">\n<div class=\"section\">\n<div class=\"layoutArea\">\n<div class=\"column\">\n<h3>MILTON ANDRE\u0301S CASTRO MORA\u0301N<\/h3>\n<\/div>\n<\/div>\n<\/div>\n<\/div>\n\n\t\t<\/div>\n\t<\/div>\n\n\t<div class=\"wpb_text_column wpb_content_element\" >\n\t\t<div class=\"wpb_wrapper\">\n\t\t\t<p>Director Jur\u00eddico de la firma Castro &amp; Asociados Estudio Jur\u00eddico Empresarial, con ampl\u00eda experiencia en la rama Civil, Societaria y Mercantil, siendo esta su especializaci\u00f3n universitaria y de experiencia profesional.<\/p>\n\n\t\t<\/div>\n\t<\/div>\n<div class=\"vc_row wpb_row vc_inner vc_row-fluid\"><div class=\"wpb_column vc_column_container vc_col-sm-6\"><div class=\"vc_column-inner\"><div class=\"wpb_wrapper\">\n\t<div class=\"wpb_text_column wpb_content_element\" >\n\t\t<div class=\"wpb_wrapper\">\n\t\t\t<p>Habilidades:<\/p>\n<ul>\n<li>Mediador<\/li>\n<li>Negociador<\/li>\n<li>Proactivo<\/li>\n<li>L\u00edder<\/li>\n<\/ul>\n\n\t\t<\/div>\n\t<\/div>\n<\/div><\/div><\/div><div class=\"wpb_column vc_column_container vc_col-sm-6\"><div class=\"vc_column-inner\"><div class=\"wpb_wrapper\">\n\t<div class=\"wpb_text_column wpb_content_element\" >\n\t\t<div class=\"wpb_wrapper\">\n\t\t\t<p>Especialidades:<\/p>\n<ul>\n<li>Civil<\/li>\n<li>Societario<\/li>\n<li>Mercantil<\/li>\n<li>Propiedad Int.<\/li>\n<\/ul>\n\n\t\t<\/div>\n\t<\/div>\n<\/div><\/div><\/div><\/div><div class=\"vc_row wpb_row vc_inner vc_row-fluid\"><div class=\"wpb_column vc_column_container vc_col-sm-6\"><div class=\"vc_column-inner\"><div class=\"wpb_wrapper\">\n\t<div class=\"wpb_text_column wpb_content_element\" >\n\t\t<div class=\"wpb_wrapper\">\n\t\t\t<p>Idiomas:<\/p>\n<ul>\n<li>Espa\u00f1ol<\/li>\n<li>Ingl\u00e9s<\/li>\n<li>Italiano<\/li>\n<\/ul>\n\n\t\t<\/div>\n\t<\/div>\n<\/div><\/div><\/div><div class=\"wpb_column vc_column_container vc_col-sm-6\"><div class=\"vc_column-inner\"><div class=\"wpb_wrapper\"><\/div><\/div><\/div><\/div><\/div><\/div><\/div><\/div>","protected":false},"excerpt":{"rendered":"<p>MILTON ANDRE\u0301S CASTRO MORA\u0301N Director Jur\u00eddico de la firma Castro &amp; Asociados Estudio Jur\u00eddico Empresarial, con ampl\u00eda experiencia en la rama Civil, Societaria y Mercantil, siendo esta su especializaci\u00f3n universitaria y de experiencia profesional. Habilidades: Mediador Negociador Proactivo L\u00edder Especialidades: Civil Societario Mercantil Propiedad Int. Idiomas: Espa\u00f1ol Ingl\u00e9s Italiano<\/p>","protected":false},"author":1,"featured_media":0,"parent":0,"menu_order":0,"comment_status":"closed","ping_status":"closed","template":"","meta":{"_joinchat":[],"footnotes":""},"class_list":["post-35891","page","type-page","status-publish","hentry","description-off"],"_links":{"self":[{"href":"https:\/\/castroasociados.com.ec\/en\/wp-json\/wp\/v2\/pages\/35891","targetHints":{"allow":["GET"]}}],"collection":[{"href":"https:\/\/castroasociados.com.ec\/en\/wp-json\/wp\/v2\/pages"}],"about":[{"href":"https:\/\/castroasociados.com.ec\/en\/wp-json\/wp\/v2\/types\/page"}],"author":[{"embeddable":true,"href":"https:\/\/castroasociados.com.ec\/en\/wp-json\/wp\/v2\/users\/1"}],"replies":[{"embeddable":true,"href":"https:\/\/castroasociados.com.ec\/en\/wp-json\/wp\/v2\/comments?post=35891"}],"version-history":[{"count":0,"href":"https:\/\/castroasociados.com.ec\/en\/wp-json\/wp\/v2\/pages\/35891\/revisions"}],"wp:attachment":[{"href":"https:\/\/castroasociados.com.ec\/en\/wp-json\/wp\/v2\/media?parent=35891"}],"curies":[{"name":"wp","href":"https:\/\/api.w.org\/{rel}","templated":true}]}}