{"id":35511,"date":"2015-02-06T14:09:02","date_gmt":"2015-02-06T19:09:02","guid":{"rendered":"http:\/\/castroasociados.com.ec\/?page_id=35511"},"modified":"2023-01-20T07:28:16","modified_gmt":"2023-01-20T12:28:16","slug":"asociados","status":"publish","type":"page","link":"https:\/\/castroasociados.com.ec\/en\/asociados\/","title":{"rendered":"Asociados"},"content":{"rendered":"<div class=\"vc_row wpb_row vc_row-fluid\"><div class=\"wpb_column vc_column_container vc_col-sm-12\"><div class=\"vc_column-inner\"><div class=\"wpb_wrapper\">\n\t<div class=\"wpb_text_column wpb_content_element\" >\n\t\t<div class=\"wpb_wrapper\">\n\t\t\t<p><!--:es--><\/p>\n\n\t\t<\/div>\n\t<\/div>\n<\/div><\/div><\/div><\/div><div class=\"vc_row wpb_row vc_row-fluid\"><div class=\"wpb_column vc_column_container vc_col-sm-12\"><div class=\"vc_column-inner\"><div class=\"wpb_wrapper\"><div class=\"dt-fancy-separator title-left h6-size\" style=\"width: 100%;\"><div class=\"dt-fancy-title\"><span class=\"separator-holder separator-left\"><\/span>Nuestros Asociados<span class=\"separator-holder separator-right\"><\/span><\/div><\/div><div class=\"vc_empty_space\"   style=\"height: 33px\"><span class=\"vc_empty_space_inner\"><\/span><\/div><section class=\"shortcode-action-box table shortcode-action-bg block-style-widget\"><div class=\"\"><p>La misi\u00f3n de nuestra firma es la de brindar soluciones a nuestros socios, \u00a0a trav\u00e9s de asesoramiento profesional integral en las diferentes \u00e1reas de pr\u00e1ctica, \u00a0a fin de cubrir \u00a0oportunamente las necesidades y contingencias de nuestros socios con \u00e9tica, conciencia, compromiso y responsabilidad siendo estos nuestros pilares y principios por lo cual aseguramos siempre el beneficio y los intereses de nuestros socios.<\/p>\n<\/div><\/section><div class=\"vc_empty_space\"   style=\"height: 40px\"><span class=\"vc_empty_space_inner\"><\/span><\/div><\/div><\/div><\/div><\/div><div class=\"vc_row wpb_row vc_row-fluid\"><div class=\"wpb_column vc_column_container vc_col-sm-4\"><div class=\"vc_column-inner\"><div class=\"wpb_wrapper\"><\/div><\/div><\/div><div class=\"wpb_column vc_column_container vc_col-sm-4\"><div class=\"vc_column-inner\"><div class=\"wpb_wrapper\">\n\t<div  class=\"wpb_single_image wpb_content_element vc_align_center\">\n\t\t\n\t\t<figure class=\"wpb_wrapper vc_figure\">\n\t\t\t<a href=\"https:\/\/castroasociados.com.ec\/en\/milton-andres-castro-moran\/\" target=\"_self\"  class=\"vc_single_image-wrapper vc_box_shadow_circle  vc_box_border_grey rollover\" data-large_image_width=\"500\" data-large_image_height = \"500\"     ><img loading=\"lazy\" decoding=\"async\" width=\"500\" height=\"500\" src=\"https:\/\/castroasociados.com.ec\/wp-content\/uploads\/2022\/03\/MltonCastro-tn.jpg\" class=\"vc_single_image-img attachment-large\" alt=\"Abg. Milton Andr\u00e9s Castro Mor\u00e1n\" title=\"Abg. Milton Andr\u00e9s Castro Mor\u00e1n\" srcset=\"https:\/\/castroasociados.com.ec\/wp-content\/uploads\/2022\/03\/MltonCastro-tn.jpg 500w, https:\/\/castroasociados.com.ec\/wp-content\/uploads\/2022\/03\/MltonCastro-tn-300x300.jpg 300w, https:\/\/castroasociados.com.ec\/wp-content\/uploads\/2022\/03\/MltonCastro-tn-150x150.jpg 150w, https:\/\/castroasociados.com.ec\/wp-content\/uploads\/2022\/03\/MltonCastro-tn-12x12.jpg 12w\" sizes=\"auto, (max-width: 500px) 100vw, 500px\"  data-dt-location=\"https:\/\/castroasociados.com.ec\/en\/asociados\/mltoncastro-tn\/\" \/><\/a>\n\t\t<\/figure>\n\t<\/div>\n\n\t<div class=\"wpb_text_column wpb_content_element\" >\n\t\t<div class=\"wpb_wrapper\">\n\t\t\t<p style=\"text-align: center;\"><strong>Abg. Milton Andr\u00e9s Castro Mor\u00e1n<\/strong><\/p>\n\n\t\t<\/div>\n\t<\/div>\n<\/div><\/div><\/div><div class=\"wpb_column vc_column_container vc_col-sm-4\"><div class=\"vc_column-inner\"><div class=\"wpb_wrapper\"><\/div><\/div><\/div><\/div><div class=\"vc_row wpb_row vc_row-fluid\"><div class=\"wpb_column vc_column_container vc_col-sm-3\"><div class=\"vc_column-inner\"><div class=\"wpb_wrapper\">\n\t<div  class=\"wpb_single_image wpb_content_element vc_align_center\">\n\t\t\n\t\t<figure class=\"wpb_wrapper vc_figure\">\n\t\t\t<a href=\"https:\/\/castroasociados.com.ec\/en\/maria-fernanda-cevallos-coronel\/\" target=\"_self\"  class=\"vc_single_image-wrapper vc_box_shadow_circle  vc_box_border_grey rollover\" data-large_image_width=\"500\" data-large_image_height = \"500\"     ><img loading=\"lazy\" decoding=\"async\" width=\"500\" height=\"500\" src=\"https:\/\/castroasociados.com.ec\/wp-content\/uploads\/2022\/03\/FernandaCevallos-tn.jpg\" class=\"vc_single_image-img attachment-large\" alt=\"Ing. Mar\u00eda Fernanda Cevallos Coronel\" title=\"Ing. Mar\u00eda Fernanda Cevallos Coronel\" srcset=\"https:\/\/castroasociados.com.ec\/wp-content\/uploads\/2022\/03\/FernandaCevallos-tn.jpg 500w, https:\/\/castroasociados.com.ec\/wp-content\/uploads\/2022\/03\/FernandaCevallos-tn-300x300.jpg 300w, https:\/\/castroasociados.com.ec\/wp-content\/uploads\/2022\/03\/FernandaCevallos-tn-150x150.jpg 150w, https:\/\/castroasociados.com.ec\/wp-content\/uploads\/2022\/03\/FernandaCevallos-tn-12x12.jpg 12w\" sizes=\"auto, (max-width: 500px) 100vw, 500px\"  data-dt-location=\"https:\/\/castroasociados.com.ec\/en\/asociados\/fernandacevallos-tn\/\" \/><\/a>\n\t\t<\/figure>\n\t<\/div>\n\n\t<div class=\"wpb_text_column wpb_content_element\" >\n\t\t<div class=\"wpb_wrapper\">\n\t\t\t<p style=\"text-align: center;\"><strong>Ing. Mar\u00eda Fernanda Cevallos Coronel<\/strong><\/p>\n\n\t\t<\/div>\n\t<\/div>\n<\/div><\/div><\/div><div class=\"wpb_column vc_column_container vc_col-sm-3\"><div class=\"vc_column-inner\"><div class=\"wpb_wrapper\">\n\t<div  class=\"wpb_single_image wpb_content_element vc_align_center\">\n\t\t\n\t\t<figure class=\"wpb_wrapper vc_figure\">\n\t\t\t<a href=\"https:\/\/castroasociados.com.ec\/en\/ricardo-xavier-baculima-ruiz\/\" target=\"_self\"  class=\"vc_single_image-wrapper vc_box_shadow_circle  vc_box_border_grey rollover\" data-large_image_width=\"500\" data-large_image_height = \"500\"     ><img loading=\"lazy\" decoding=\"async\" width=\"500\" height=\"500\" src=\"https:\/\/castroasociados.com.ec\/wp-content\/uploads\/2022\/03\/RicardoBaculima-tn.jpg\" class=\"vc_single_image-img attachment-large\" alt=\"Abg. Ricardo Xavier Baculima Ruiz\" title=\"Abg. Ricardo Xavier Baculima Ruiz\" srcset=\"https:\/\/castroasociados.com.ec\/wp-content\/uploads\/2022\/03\/RicardoBaculima-tn.jpg 500w, https:\/\/castroasociados.com.ec\/wp-content\/uploads\/2022\/03\/RicardoBaculima-tn-300x300.jpg 300w, https:\/\/castroasociados.com.ec\/wp-content\/uploads\/2022\/03\/RicardoBaculima-tn-150x150.jpg 150w, https:\/\/castroasociados.com.ec\/wp-content\/uploads\/2022\/03\/RicardoBaculima-tn-12x12.jpg 12w\" sizes=\"auto, (max-width: 500px) 100vw, 500px\"  data-dt-location=\"https:\/\/castroasociados.com.ec\/en\/asociados\/ricardobaculima-tn\/\" \/><\/a>\n\t\t<\/figure>\n\t<\/div>\n\n\t<div class=\"wpb_text_column wpb_content_element\" >\n\t\t<div class=\"wpb_wrapper\">\n\t\t\t<p style=\"text-align: center;\"><strong>Abg. Ricardo Xavier Baculima Ruiz<\/strong><\/p>\n\n\t\t<\/div>\n\t<\/div>\n<\/div><\/div><\/div><div class=\"wpb_column vc_column_container vc_col-sm-3\"><div class=\"vc_column-inner\"><div class=\"wpb_wrapper\">\n\t<div  class=\"wpb_single_image wpb_content_element vc_align_center\">\n\t\t\n\t\t<figure class=\"wpb_wrapper vc_figure\">\n\t\t\t<div class=\"vc_single_image-wrapper vc_box_shadow_circle  vc_box_border_grey\"><img loading=\"lazy\" decoding=\"async\" width=\"600\" height=\"600\" src=\"https:\/\/castroasociados.com.ec\/wp-content\/uploads\/2023\/01\/WhatsApp-Image-2022-09-15-at-11.52.25-AM.jpeg\" class=\"vc_single_image-img attachment-large\" alt=\"\" title=\"WhatsApp Image 2022-09-15 at 11.52.25 AM\" srcset=\"https:\/\/castroasociados.com.ec\/wp-content\/uploads\/2023\/01\/WhatsApp-Image-2022-09-15-at-11.52.25-AM.jpeg 600w, https:\/\/castroasociados.com.ec\/wp-content\/uploads\/2023\/01\/WhatsApp-Image-2022-09-15-at-11.52.25-AM-300x300.jpeg 300w, https:\/\/castroasociados.com.ec\/wp-content\/uploads\/2023\/01\/WhatsApp-Image-2022-09-15-at-11.52.25-AM-150x150.jpeg 150w, https:\/\/castroasociados.com.ec\/wp-content\/uploads\/2023\/01\/WhatsApp-Image-2022-09-15-at-11.52.25-AM-12x12.jpeg 12w\" sizes=\"auto, (max-width: 600px) 100vw, 600px\"  data-dt-location=\"https:\/\/castroasociados.com.ec\/en\/asociados\/whatsapp-image-2022-09-15-at-11-52-25-am\/\" \/><\/div>\n\t\t<\/figure>\n\t<\/div>\n\n\t<div class=\"wpb_text_column wpb_content_element\" >\n\t\t<div class=\"wpb_wrapper\">\n\t\t\t<p style=\"text-align: center;\"><strong>Abg. Cheng Ye He Ng<\/strong><\/p>\n\n\t\t<\/div>\n\t<\/div>\n<\/div><\/div><\/div><div class=\"wpb_column vc_column_container vc_col-sm-3\"><div class=\"vc_column-inner\"><div class=\"wpb_wrapper\">\n\t<div  class=\"wpb_single_image wpb_content_element vc_align_center\">\n\t\t\n\t\t<figure class=\"wpb_wrapper vc_figure\">\n\t\t\t<div class=\"vc_single_image-wrapper vc_box_shadow_circle  vc_box_border_grey\"><img loading=\"lazy\" decoding=\"async\" class=\"vc_single_image-img\" src=\"https:\/\/castroasociados.com.ec\/wp-content\/uploads\/2023\/01\/jose_roberto_escobar-e1674217430138-768x768.jpg\" width=\"768\" height=\"768\" alt=\"jose_roberto_escobar\" title=\"jose_roberto_escobar\"  data-dt-location=\"https:\/\/castroasociados.com.ec\/en\/asociados\/jose_roberto_escobar\/\" \/><\/div>\n\t\t<\/figure>\n\t<\/div>\n\n\t<div class=\"wpb_text_column wpb_content_element\" >\n\t\t<div class=\"wpb_wrapper\">\n\t\t\t<p style=\"text-align: center;\"><strong>Ab. Jos\u00e9 Roberto Escobar Centurion<\/strong><\/p>\n\n\t\t<\/div>\n\t<\/div>\n<\/div><\/div><\/div><\/div>","protected":false},"excerpt":{"rendered":"<p>Nuestros Asociados Abg. Milton Andr\u00e9s Castro Mor\u00e1n Ing. Mar\u00eda Fernanda Cevallos Coronel Abg. Ricardo Xavier Baculima Ruiz Abg. Cheng Ye He Ng Ab. Jos\u00e9 Roberto Escobar Centurion<\/p>","protected":false},"author":1,"featured_media":0,"parent":0,"menu_order":30,"comment_status":"closed","ping_status":"closed","template":"","meta":{"_joinchat":[],"footnotes":""},"class_list":["post-35511","page","type-page","status-publish","hentry","description-off"],"_links":{"self":[{"href":"https:\/\/castroasociados.com.ec\/en\/wp-json\/wp\/v2\/pages\/35511","targetHints":{"allow":["GET"]}}],"collection":[{"href":"https:\/\/castroasociados.com.ec\/en\/wp-json\/wp\/v2\/pages"}],"about":[{"href":"https:\/\/castroasociados.com.ec\/en\/wp-json\/wp\/v2\/types\/page"}],"author":[{"embeddable":true,"href":"https:\/\/castroasociados.com.ec\/en\/wp-json\/wp\/v2\/users\/1"}],"replies":[{"embeddable":true,"href":"https:\/\/castroasociados.com.ec\/en\/wp-json\/wp\/v2\/comments?post=35511"}],"version-history":[{"count":0,"href":"https:\/\/castroasociados.com.ec\/en\/wp-json\/wp\/v2\/pages\/35511\/revisions"}],"wp:attachment":[{"href":"https:\/\/castroasociados.com.ec\/en\/wp-json\/wp\/v2\/media?parent=35511"}],"curies":[{"name":"wp","href":"https:\/\/api.w.org\/{rel}","templated":true}]}}