{"id":35487,"date":"2015-02-06T12:27:55","date_gmt":"2015-02-06T17:27:55","guid":{"rendered":"http:\/\/castroasociados.com.ec\/?page_id=35487"},"modified":"2023-01-23T15:24:52","modified_gmt":"2023-01-23T20:24:52","slug":"servicios","status":"publish","type":"page","link":"https:\/\/castroasociados.com.ec\/en\/servicios\/","title":{"rendered":"Servicios"},"content":{"rendered":"<div class=\"vc_row wpb_row vc_row-fluid\"><div class=\"wpb_column vc_column_container vc_col-sm-12\"><div class=\"vc_column-inner\"><div class=\"wpb_wrapper\">\n\t<div class=\"wpb_text_column wpb_content_element\" >\n\t\t<div class=\"wpb_wrapper\">\n\t\t\t<p><!--:es--><\/p>\n\n\t\t<\/div>\n\t<\/div>\n<\/div><\/div><\/div><\/div><div class=\"vc_row wpb_row vc_row-fluid\"><div class=\"wpb_column vc_column_container vc_col-sm-12\"><div class=\"vc_column-inner\"><div class=\"wpb_wrapper\">\n\t<div class=\"wpb_text_column wpb_content_element\" >\n\t\t<div class=\"wpb_wrapper\">\n\t\t\t\n\t\t<\/div>\n\t<\/div>\n<\/div><\/div><\/div><\/div><div class=\"vc_row wpb_row vc_row-fluid\"><div class=\"wpb_column vc_column_container vc_col-sm-6\"><div class=\"vc_column-inner\"><div class=\"wpb_wrapper\"><div class=\"gap\" style=\"line-height: 20px; height: 20px;\"><\/div><div class=\"dt-fancy-separator h4-size accent-title-color accent-border-color\" style=\"width: 100%;\"><div class=\"dt-fancy-title\"><span class=\"separator-holder separator-left\"><\/span>\u00c1rea Jur\u00eddica<span class=\"separator-holder separator-right\"><\/span><\/div><\/div><div class=\"gap\" style=\"line-height: 20px; height: 20px;\"><\/div>\n\t<div class=\"wpb_accordion wpb_content_element  not-column-inherit dt-style dt-accordion-bg-on dt-accordion-text-big\" data-collapsible=\"\" data-vc-disable-keydown=\"false\" data-active-tab=\"false\">\n\t\t<div class=\"wpb_wrapper wpb_accordion_wrapper ui-accordion\">\n\n\n\t<div class=\"wpb_accordion_section group\">\n\t\t<h3 class=\"wpb_accordion_header ui-accordion-header\"><a href=\"#derecho-civil-y-comercial\"><span>Derecho Civil y Comercial<\/span><\/a><\/h3>\n\t\t<div class=\"wpb_accordion_content ui-accordion-content vc_clearfix\">\n\t\t\t<div class=\"standard-arrow list-divider bullet-top\"><ul>\n<li>Asesor\u00eda en negociaci\u00f3n y elaboraci\u00f3n de contratos y documentos de naturaleza civil y comercial, tales como, contratos de todo clase, formatos de contratos de uso frecuente, t\u00edtulos valores, cauciones, etc.<\/li>\n<li>Asesor\u00eda en estrategias en cumplimiento o ejecuci\u00f3n de contratos.<\/li>\n<li>Interposici\u00f3n de medidas cautelares en los distintos tipos de procesos judiciales.<\/li>\n<li>Asesor\u00eda y patrocinio (judicial y extrajudicial) en cobro de obligaciones, incluyendo juicios de insolvencia o quiebra, seg\u00fan sea el caso.<\/li>\n<li>\n<div><span lang=\"ES\">Demandas indemnizatorias de da\u00f1os y perjuicios.<\/span><\/div>\n<\/li>\n<\/ul>\n<\/div>\n\t\t<\/div>\n\t<\/div>\n\n\t<div class=\"wpb_accordion_section group\">\n\t\t<h3 class=\"wpb_accordion_header ui-accordion-header\"><a href=\"#derecho-administrativo\"><span>Derecho Administrativo<\/span><\/a><\/h3>\n\t\t<div class=\"wpb_accordion_content ui-accordion-content vc_clearfix\">\n\t\t\t<div class=\"standard-arrow list-divider bullet-top\"><ul>\n<li>Reclamos ante entidades y autoridades del sector p\u00fablico.<\/li>\n<li>Patrocinio en asuntos judiciales contra entidades y autoridades del sector p\u00fablico.<\/li>\n<li>Acciones de amparo constitucional frente a actos ileg\u00edtimos de autoridad p\u00fablica.<\/li>\n<li>Asesor\u00eda en presentaci\u00f3n de ofertas y elaboraci\u00f3n y ejecuci\u00f3n de contratos con organismos del sector p\u00fablico.<\/li>\n<li>Asesor\u00eda en conformaci\u00f3n y legalizaci\u00f3n de consorcios para participaci\u00f3n en procesos de contrataci\u00f3n p\u00fablica.<\/li>\n<\/ul>\n<\/div>\n\t\t<\/div>\n\t<\/div>\n\n\t<div class=\"wpb_accordion_section group\">\n\t\t<h3 class=\"wpb_accordion_header ui-accordion-header\"><a href=\"#derecho-inmobiliario\"><span>Derecho Inmobiliario<\/span><\/a><\/h3>\n\t\t<div class=\"wpb_accordion_content ui-accordion-content vc_clearfix\">\n\t\t\t<div class=\"standard-arrow list-divider bullet-top\"><ul>\n<li>Servicio de corretaje de bienes, el cual incluye la asesor\u00eda en negociaci\u00f3n y celebraci\u00f3n de contratos de compraventa e hipoteca de todo tipo de bienes inmuebles.<\/li>\n<li>Tr\u00e1mites de demarcaci\u00f3n, propiedad horizontal, \u00a0\u00a0 divisi\u00f3n y fusiones de solares.<\/li>\n<li>Conformaci\u00f3n y legalizaci\u00f3n de asociaciones de propietarios de urbanizaciones y copropietarios en edificaciones constituidas en propiedad horizontal.<\/li>\n<li>Asesor\u00eda y elaboraci\u00f3n de Estatutos de Asociaciones de propietarios de urbanizaciones y Reglamentos Internos de copropietarios en edificaciones constituidas en propiedad horizontal.<\/li>\n<li>Asesor\u00eda legal en la planificaci\u00f3n, preparaci\u00f3n, tramitaci\u00f3n y promoci\u00f3n y venta de todo tipo de proyectos inmobiliarios, incluyendo las legalizaciones de permisos de construcci\u00f3n y escrituras p\u00fablicas de entrega de obra y de venta de la urbanizaci\u00f3n.<\/li>\n<li>Asesor\u00edas en estructuraci\u00f3n y elaboraci\u00f3n de Fideicomisos<\/li>\n<li>Asesor\u00eda en conformaci\u00f3n y legalizaci\u00f3n de Organizaciones Sociales (Asociaciones y\/o Fundaciones).<\/li>\n<li>Elaboraci\u00f3n y reformas de estatutos sociales Organizaciones Sociales.<\/li>\n<li>Registro y exclusi\u00f3n de socios Organizaciones Sociales.<\/li>\n<li>Cobros, por v\u00eda judicial y extrajudicial, de cuotas, expensas o al\u00edcuotas de Organizaciones Sociales.<\/li>\n<\/ul>\n<\/div>\n\t\t<\/div>\n\t<\/div>\n\n\t<div class=\"wpb_accordion_section group\">\n\t\t<h3 class=\"wpb_accordion_header ui-accordion-header\"><a href=\"#derecho-laboral\"><span>Derecho Laboral<\/span><\/a><\/h3>\n\t\t<div class=\"wpb_accordion_content ui-accordion-content vc_clearfix\">\n\t\t\t<div class=\"standard-arrow list-divider bullet-top\"><ul>\n<li>Asesor\u00eda Legal durante y despu\u00e9s de la relaci\u00f3n laboral.<\/li>\n<li>Asesor\u00eda legal en la elaboraci\u00f3n de Reglamentos de Trabajo y su consecuente aprobaci\u00f3n en la Direcci\u00f3n de Trabajo y Recursos Humanos.<\/li>\n<li>Auditor\u00eda Laboral.<\/li>\n<li>Patrocinio en juicios orales de trabajo.<\/li>\n<li>Desahucios.<\/li>\n<li>Asistencia a Inspecciones.<\/li>\n<li>Vistos Buenos.<\/li>\n<\/ul>\n<\/div>\n\t\t<\/div>\n\t<\/div>\n\n\t<div class=\"wpb_accordion_section group\">\n\t\t<h3 class=\"wpb_accordion_header ui-accordion-header\"><a href=\"#derecho-de-seguridad-social\"><span>Derecho de Seguridad Social<\/span><\/a><\/h3>\n\t\t<div class=\"wpb_accordion_content ui-accordion-content vc_clearfix\">\n\t\t\t<div class=\"standard-arrow list-divider bullet-top\"><ul>\n<li>Asesor\u00eda en el \u00e1mbito de Seguridad Social.<\/li>\n<li>Tr\u00e1mites en el IESS; Subsidios, Riesgos de Trabajo, Avisos de Enfermedad, etc.<\/li>\n<li>Visitas domiciliarias e Informes Sociales Especiales.<\/li>\n<li>Prevenci\u00f3n de riesgos laborales.<\/li>\n<li>Salud Ocupacional.<\/li>\n<li>Bienestar Social.<\/li>\n<li>Seguridad Industrial, An\u00e1lisis de Riesgo y Capacitaci\u00f3n.<\/li>\n<\/ul>\n<\/div>\n\t\t<\/div>\n\t<\/div>\n\n\t<div class=\"wpb_accordion_section group\">\n\t\t<h3 class=\"wpb_accordion_header ui-accordion-header\"><a href=\"#derecho-penal\"><span>Derecho Penal<\/span><\/a><\/h3>\n\t\t<div class=\"wpb_accordion_content ui-accordion-content vc_clearfix\">\n\t\t\t<div class=\"standard-arrow list-divider bullet-top\"><ul>\n<li>Derecho Penal general.<\/li>\n<li>Patrocinio de causas penales en general.<\/li>\n<li>Patrocinio de causas vinculadas a la rama penal en el \u00e1mbito econ\u00f3mico y empresario, aduanero, tributario y marcario.<\/li>\n<li>Patrocinio de causas de tr\u00e1nsito.<\/li>\n<\/ul>\n<\/div>\n\t\t<\/div>\n\t<\/div>\n\n\t<div class=\"wpb_accordion_section group\">\n\t\t<h3 class=\"wpb_accordion_header ui-accordion-header\"><a href=\"#derecho-de-marcas-patentes-y-autor\"><span>Derecho de Marcas, Patentes y Autor<\/span><\/a><\/h3>\n\t\t<div class=\"wpb_accordion_content ui-accordion-content vc_clearfix\">\n\t\t\t<div class=\"standard-arrow list-divider bullet-top\"><ul>\n<li>Asesoramiento y patrocinio en las solicitudes de registro, renovaci\u00f3n y transferencias ante el \u00f3rgano competente para la protecci\u00f3n de las marcas, nombres comerciales y lemas comerciales.<\/li>\n<li>Presentaci\u00f3n de oposiciones y asesoramiento en negociaciones de acuerdos relativos a temas de propiedad intelectual.<\/li>\n<li>Asesoramiento en asuntos marcarios en general.<\/li>\n<li>Asesoramiento en asuntos nombres de dominio.<\/li>\n<\/ul>\n<\/div>\n\t\t<\/div>\n\t<\/div>\n\n\t<div class=\"wpb_accordion_section group\">\n\t\t<h3 class=\"wpb_accordion_header ui-accordion-header\"><a href=\"#derecho-societario\"><span>Derecho Societario<\/span><\/a><\/h3>\n\t\t<div class=\"wpb_accordion_content ui-accordion-content vc_clearfix\">\n\t\t\t<div class=\"standard-arrow list-divider bullet-top\"><ul>\n<li>Constituci\u00f3n de todo tipo de compa\u00f1\u00edas, incluyendo la apertura de sucursales de las mismas.<\/li>\n<li>Aumentos de capital y reformas de estatutos sociales de la compa\u00f1\u00eda.<\/li>\n<li>Asesor\u00eda en disoluci\u00f3n y liquidaci\u00f3n de compa\u00f1\u00edas.<\/li>\n<li>Asesor\u00eda en fusi\u00f3n y escisi\u00f3n de compa\u00f1\u00edas.<\/li>\n<li>Auditor\u00eda y organizaci\u00f3n de Libro de actas de juntas generales, libro expediente de juntas generales de socios o accionistas, libro de acciones y accionistas o participaciones de socios, libro de talonario de acciones o certificados de aportaci\u00f3n, etc.<\/li>\n<li>Inscripciones y registros de actos societarios en general.<\/li>\n<li>Resoluci\u00f3n de conflictos entre socios.<\/li>\n<li>Asesor\u00eda en soluci\u00f3n de observaciones efectuadas por la Intendencia de Compa\u00f1\u00edas por p\u00e9rdidas acumuladas, visitas de control o inspecciones no aprobadas.<\/li>\n<\/ul>\n<\/div>\n\t\t<\/div>\n\t<\/div>\n\n\t<div class=\"wpb_accordion_section group\">\n\t\t<h3 class=\"wpb_accordion_header ui-accordion-header\"><a href=\"#derecho-tributario\"><span>Derecho Tributario<\/span><\/a><\/h3>\n\t\t<div class=\"wpb_accordion_content ui-accordion-content vc_clearfix\">\n\t\t\t<div class=\"standard-arrow list-divider bullet-top\"><ul>\n<li>Patrocinio en reclamos administrativos y acciones judiciales.<\/li>\n<li>Patrocinio de Impugnaciones ante Tribunal Distrital de lo fiscal por resoluciones emitidas por el SRI.<\/li>\n<\/ul>\n<\/div>\n\t\t<\/div>\n\t<\/div>\n\n\t<div class=\"wpb_accordion_section group\">\n\t\t<h3 class=\"wpb_accordion_header ui-accordion-header\"><a href=\"#derecho-de-solucion-alternativa-de-conflictos\"><span>Derecho de Soluci\u00f3n Alternativa de Conflictos<\/span><\/a><\/h3>\n\t\t<div class=\"wpb_accordion_content ui-accordion-content vc_clearfix\">\n\t\t\t<div class=\"standard-arrow list-divider bullet-top\"><ul>\n<li>Soluci\u00f3n directa de controversias mediante la asesor\u00eda de los expertos en mediaci\u00f3n.<\/li>\n<li>Patrocinio en los diferentes m\u00e9todos alternos de soluci\u00f3n de conflictos.<\/li>\n<li>Asesor\u00eda en la b\u00fasqueda de soluciones extrajudiciales con plenos efectos legales.<\/li>\n<li>Patrocinio en procesos de arbitrajes.<\/li>\n<li>Elaboraci\u00f3n de convenios arbitrales seg\u00fan la materia en cuesti\u00f3n.<\/li>\n<\/ul>\n<\/div>\n\t\t<\/div>\n\t<\/div>\n\n\t<div class=\"wpb_accordion_section group\">\n\t\t<h3 class=\"wpb_accordion_header ui-accordion-header\"><a href=\"#derecho-aduanero\"><span>Derecho Aduanero<\/span><\/a><\/h3>\n\t\t<div class=\"wpb_accordion_content ui-accordion-content vc_clearfix\">\n\t\t\t<div class=\"standard-arrow list-divider bullet-top\"><ul>\n<li>Derechos de los inversionistas; infracciones y sanciones a los inversionistas; defensa comercial; obligaciones tributarias aduaneras; acci\u00f3n coactiva; declaraci\u00f3n aduanera; control aduanero; importaciones; exportaciones; delitos aduaneros; etc.<\/li>\n<\/ul>\n<\/div>\n\t\t<\/div>\n\t<\/div>\n\n\t<div class=\"wpb_accordion_section group\">\n\t\t<h3 class=\"wpb_accordion_header ui-accordion-header\"><a href=\"#derecho-de-familia\"><span>Derecho de Familia<\/span><\/a><\/h3>\n\t\t<div class=\"wpb_accordion_content ui-accordion-content vc_clearfix\">\n\t\t\t<div class=\"standard-arrow list-divider bullet-top\"><ul>\n<li>R\u00e9gimen visitas y su modificaci\u00f3n.<\/li>\n<li>Demanda de prestaciones alimenticias, aumento de pensi\u00f3n y rebaja de pensi\u00f3n<\/li>\n<li>Tenencia y Patria potestad<\/li>\n<li>Recuperaci\u00f3n de menores<\/li>\n<li>Curadur\u00edas para nupcias y segundas nupcias<\/li>\n<li>Solicitud de medidas de protecci\u00f3n ante junta cantonal y v\u00eda judicial<\/li>\n<li>Autorizaci\u00f3n judicial de venta de bienes de menores<\/li>\n<li>Divorcio contencioso o por mutuo consentimento.<\/li>\n<li>Solicitud de Inventario, Disoluci\u00f3n y liquidaci\u00f3n de sociedad conyugal o de bienes<\/li>\n<li>Interdicci\u00f3n y guardas para menores de edad y personas con capacidades especiales.<\/li>\n<\/ul>\n<\/div>\n\t\t<\/div>\n\t<\/div>\n\n\t\t<\/div>\n\t<\/div>\n<div class=\"gap\" style=\"line-height: 20px; height: 20px;\"><\/div><div class=\"dt-fancy-separator h4-size accent-title-color accent-border-color\" style=\"width: 100%;\"><div class=\"dt-fancy-title\"><span class=\"separator-holder separator-left\"><\/span>\u00c1rea Empresarial<span class=\"separator-holder separator-right\"><\/span><\/div><\/div><div class=\"gap\" style=\"line-height: 20px; height: 20px;\"><\/div>\n\t<div class=\"wpb_accordion wpb_content_element  not-column-inherit dt-style dt-accordion-bg-on dt-accordion-text-big\" data-collapsible=\"\" data-vc-disable-keydown=\"false\" data-active-tab=\"false\">\n\t\t<div class=\"wpb_wrapper wpb_accordion_wrapper ui-accordion\">\n\n\n\t<div class=\"wpb_accordion_section group\">\n\t\t<h3 class=\"wpb_accordion_header ui-accordion-header\"><a href=\"#marketing\"><span>Marketing<\/span><\/a><\/h3>\n\t\t<div class=\"wpb_accordion_content ui-accordion-content vc_clearfix\">\n\t\t\t<div class=\"standard-arrow list-divider bullet-top\"><ul>\n<li>Creaci\u00f3n de estrategias y definici\u00f3n de objetivos.<\/li>\n<li>Evaluaci\u00f3n y desarrollo de estudios de mercado y target.<\/li>\n<li>Elaboraci\u00f3n de un plan de marketing.<\/li>\n<li>Posicionamiento de producto.<\/li>\n<li>Uso de cliente fantasma.<\/li>\n<li>Asesor\u00eda y desarrollo de estrategia marketing experiencial.<\/li>\n<\/ul>\n<\/div>\n\t\t<\/div>\n\t<\/div>\n\n\t<div class=\"wpb_accordion_section group\">\n\t\t<h3 class=\"wpb_accordion_header ui-accordion-header\"><a href=\"#publicidad\"><span>Publicidad<\/span><\/a><\/h3>\n\t\t<div class=\"wpb_accordion_content ui-accordion-content vc_clearfix\">\n\t\t\t<div class=\"standard-arrow list-divider bullet-top\"><ul>\n<li>Asesor\u00eda y elaboraci\u00f3n de propuestas publicitarias.<\/li>\n<li>Elaboraci\u00f3n de brief nuevos productos.<\/li>\n<li>Asesor\u00eda en elaboraci\u00f3n de presupuestos publicitarios.<\/li>\n<li>Asesor\u00eda y elaboraci\u00f3n de comerciales de televisi\u00f3n, cu\u00f1as de radio, spots.<\/li>\n<li>Asesor\u00eda y creaci\u00f3n de una planificaci\u00f3n de medios.<\/li>\n<li>Asesor\u00eda en manejo y uso de campa\u00f1as publicitarias 360.<\/li>\n<li>Asesor\u00eda en lanzamiento de producto.<\/li>\n<li>Asesor\u00eda y desarrollo de activaciones BTL.<\/li>\n<li>Asesor\u00eda en el uso correcto del merchandising.<\/li>\n<\/ul>\n<\/div>\n\t\t<\/div>\n\t<\/div>\n\n\t<div class=\"wpb_accordion_section group\">\n\t\t<h3 class=\"wpb_accordion_header ui-accordion-header\"><a href=\"#digital\"><span>Digital<\/span><\/a><\/h3>\n\t\t<div class=\"wpb_accordion_content ui-accordion-content vc_clearfix\">\n\t\t\t\n\t<div class=\"wpb_text_column wpb_content_element\" >\n\t\t<div class=\"wpb_wrapper\">\n\t\t\t<ul>\n<li>Administraci\u00f3n de redes social.<\/li>\n<li>Publicidad on line (SEM).<\/li>\n<li>Asesor\u00eda en SEO.<\/li>\n<li>Asesor\u00eda en inbound marketing.<\/li>\n<li>Asesor\u00eda en marketing de contenidos.<\/li>\n<li>Dise\u00f1o grafico y web.<\/li>\n<\/ul>\n\n\t\t<\/div>\n\t<\/div>\n\n\t\t<\/div>\n\t<\/div>\n\n\t<div class=\"wpb_accordion_section group\">\n\t\t<h3 class=\"wpb_accordion_header ui-accordion-header\"><a href=\"#comunicacion\"><span>Comunicaci\u00f3n<\/span><\/a><\/h3>\n\t\t<div class=\"wpb_accordion_content ui-accordion-content vc_clearfix\">\n\t\t\t<div class=\"standard-arrow list-divider bullet-top\"><ul>\n<li>Asesor\u00eda en relaciones p\u00fablicas.<\/li>\n<li>Asesor\u00eda en imagen corporativa y p\u00fablica.<\/li>\n<li>Publicity.<\/li>\n<li>Organizaci\u00f3n de eventos.<\/li>\n<li>Capacitaciones.<\/li>\n<\/ul>\n<\/div>\n\t\t<\/div>\n\t<\/div>\n\n\t\t<\/div>\n\t<\/div>\n<\/div><\/div><\/div><div class=\"wpb_column vc_column_container vc_col-sm-6\"><div class=\"vc_column-inner\"><div class=\"wpb_wrapper\"><div class=\"gap\" style=\"line-height: 20px; height: 20px;\"><\/div><div class=\"dt-fancy-separator h4-size accent-title-color accent-border-color\" style=\"width: 100%;\"><div class=\"dt-fancy-title\"><span class=\"separator-holder separator-left\"><\/span>Legal Tech<span class=\"separator-holder separator-right\"><\/span><\/div><\/div><div class=\"gap\" style=\"line-height: 20px; height: 20px;\"><\/div>\n\t<div class=\"wpb_accordion wpb_content_element  not-column-inherit dt-style dt-accordion-bg-on dt-accordion-text-big\" data-collapsible=\"\" data-vc-disable-keydown=\"false\" data-active-tab=\"false\">\n\t\t<div class=\"wpb_wrapper wpb_accordion_wrapper ui-accordion\">\n\n\n\t<div class=\"wpb_accordion_section group\">\n\t\t<h3 class=\"wpb_accordion_header ui-accordion-header\"><a href=\"#asesoramiento-legal\"><span>Asesoramiento Legal<\/span><\/a><\/h3>\n\t\t<div class=\"wpb_accordion_content ui-accordion-content vc_clearfix\">\n\t\t\t<div class=\"standard-arrow list-divider bullet-top\"><ul>\n<li>Asesoramiento en cuestiones legales relacionadas con el uso de tecnolog\u00edas emergentes, como inteligencia artificial, blockchain, Smart Contracts, aprendizaje autom\u00e1tico y big data.<\/li>\n<\/ul>\n<\/div>\n\t\t<\/div>\n\t<\/div>\n\n\t<div class=\"wpb_accordion_section group\">\n\t\t<h3 class=\"wpb_accordion_header ui-accordion-header\"><a href=\"#contratos-y-acuerdos-legales\"><span>Contratos y Acuerdos Legales<\/span><\/a><\/h3>\n\t\t<div class=\"wpb_accordion_content ui-accordion-content vc_clearfix\">\n\t\t\t<div class=\"standard-arrow list-divider bullet-top\"><ul>\n<li>Contratos y acuerdos legales que aborden cuestiones relacionadas con la tecnolog\u00eda, como la propiedad intelectual, los derechos de autor y la privacidad de los datos.<\/li>\n<\/ul>\n<\/div>\n\t\t<\/div>\n\t<\/div>\n\n\t<div class=\"wpb_accordion_section group\">\n\t\t<h3 class=\"wpb_accordion_header ui-accordion-header\"><a href=\"#representacion-legal\"><span>Representaci\u00f3n Legal.<\/span><\/a><\/h3>\n\t\t<div class=\"wpb_accordion_content ui-accordion-content vc_clearfix\">\n\t\t\t<div class=\"standard-arrow list-divider bullet-top\"><ul>\n<li>Representaci\u00f3n legal en casos relacionados con el uso de tecnolog\u00eda, como disputas de propiedad intelectual, demandas por infracci\u00f3n de derechos de autor y demandas relacionadas con la privacidad de los datos.<\/li>\n<\/ul>\n<\/div>\n\t\t<\/div>\n\t<\/div>\n\n\t<div class=\"wpb_accordion_section group\">\n\t\t<h3 class=\"wpb_accordion_header ui-accordion-header\"><a href=\"#analisis-y-due-diligence\"><span>An\u00e1lisis y Due Diligence.<\/span><\/a><\/h3>\n\t\t<div class=\"wpb_accordion_content ui-accordion-content vc_clearfix\">\n\t\t\t<div class=\"standard-arrow list-divider bullet-top\"><ul>\n<li>An\u00e1lisis y due diligence para inversiones en tecnolog\u00eda y start-ups relacionadas con la tecnolog\u00eda.<\/li>\n<\/ul>\n<\/div>\n\t\t<\/div>\n\t<\/div>\n\n\t<div class=\"wpb_accordion_section group\">\n\t\t<h3 class=\"wpb_accordion_header ui-accordion-header\"><a href=\"#asesoramiento-en-regulaciones-y-leyes-tecnologicas\"><span>Asesoramiento en regulaciones y leyes tecnol\u00f3gicas<\/span><\/a><\/h3>\n\t\t<div class=\"wpb_accordion_content ui-accordion-content vc_clearfix\">\n\t\t\t<div class=\"standard-arrow list-divider bullet-top\"><ul>\n<li>Asesoramiento en cumplimiento de las regulaciones y leyes relacionadas con la tecnolog\u00eda, como la protecci\u00f3n de datos y la privacidad.<\/li>\n<\/ul>\n<\/div>\n\t\t<\/div>\n\t<\/div>\n\n\t<div class=\"wpb_accordion_section group\">\n\t\t<h3 class=\"wpb_accordion_header ui-accordion-header\"><a href=\"#desarrollo-de-estrategias-de-negocio\"><span>Desarrollo de Estrategias de Negocio.<\/span><\/a><\/h3>\n\t\t<div class=\"wpb_accordion_content ui-accordion-content vc_clearfix\">\n\t\t\t<div class=\"standard-arrow list-divider bullet-top\"><ul>\n<li>Desarrollo de estrategias de negocio y la adopci\u00f3n de tecnolog\u00edas emergentes en el \u00e1mbito legal.<\/li>\n<\/ul>\n<\/div>\n\t\t<\/div>\n\t<\/div>\n\n\t\t<\/div>\n\t<\/div>\n<div class=\"gap\" style=\"line-height: 20px; height: 20px;\"><\/div><\/div><\/div><\/div><\/div><div class=\"vc_row wpb_row vc_row-fluid\"><div class=\"wpb_column vc_column_container vc_col-sm-12\"><div class=\"vc_column-inner\"><div class=\"wpb_wrapper\">\n\t<div class=\"wpb_text_column wpb_content_element\" >\n\t\t<div class=\"wpb_wrapper\">\n\t\t\t<p><!--:--><\/p>\n\n\t\t<\/div>\n\t<\/div>\n<\/div><\/div><\/div><\/div>","protected":false},"excerpt":{"rendered":"<p>\u00c1rea Jur\u00eddica Derecho Civil y Comercial Asesor\u00eda en negociaci\u00f3n y elaboraci\u00f3n de contratos y documentos de naturaleza civil y comercial, tales como, contratos de todo clase, formatos de contratos de uso frecuente, t\u00edtulos valores, cauciones, etc. Asesor\u00eda en estrategias en cumplimiento o ejecuci\u00f3n de contratos. Interposici\u00f3n de medidas cautelares en los distintos tipos de procesos&hellip;<\/p>","protected":false},"author":1,"featured_media":0,"parent":0,"menu_order":30,"comment_status":"closed","ping_status":"closed","template":"","meta":{"_joinchat":[],"footnotes":""},"class_list":["post-35487","page","type-page","status-publish","hentry","description-off"],"_links":{"self":[{"href":"https:\/\/castroasociados.com.ec\/en\/wp-json\/wp\/v2\/pages\/35487","targetHints":{"allow":["GET"]}}],"collection":[{"href":"https:\/\/castroasociados.com.ec\/en\/wp-json\/wp\/v2\/pages"}],"about":[{"href":"https:\/\/castroasociados.com.ec\/en\/wp-json\/wp\/v2\/types\/page"}],"author":[{"embeddable":true,"href":"https:\/\/castroasociados.com.ec\/en\/wp-json\/wp\/v2\/users\/1"}],"replies":[{"embeddable":true,"href":"https:\/\/castroasociados.com.ec\/en\/wp-json\/wp\/v2\/comments?post=35487"}],"version-history":[{"count":0,"href":"https:\/\/castroasociados.com.ec\/en\/wp-json\/wp\/v2\/pages\/35487\/revisions"}],"wp:attachment":[{"href":"https:\/\/castroasociados.com.ec\/en\/wp-json\/wp\/v2\/media?parent=35487"}],"curies":[{"name":"wp","href":"https:\/\/api.w.org\/{rel}","templated":true}]}}