{"id":31317,"date":"2014-10-22T11:20:26","date_gmt":"2014-10-22T16:20:26","guid":{"rendered":"http:\/\/the7.dream-demo.com\/?page_id=31317"},"modified":"2023-01-20T07:39:40","modified_gmt":"2023-01-20T12:39:40","slug":"nuetra-firma-2","status":"publish","type":"page","link":"https:\/\/castroasociados.com.ec\/en\/","title":{"rendered":"Nuestra Firma"},"content":{"rendered":"<div class=\"vc_row wpb_row vc_row-fluid\"><div class=\"wpb_column vc_column_container vc_col-sm-12\"><div class=\"vc_column-inner\"><div class=\"wpb_wrapper\">\n<div class=\"vc_grid-container-wrapper vc_clearfix vc_grid-animation-fadeIn\">\n\t<div class=\"vc_grid-container vc_clearfix wpb_content_element vc_basic_grid vc_custom_1646403587537\" data-initial-loading-animation=\"fadeIn\" data-vc-grid-settings=\"{&quot;page_id&quot;:31317,&quot;style&quot;:&quot;lazy&quot;,&quot;action&quot;:&quot;vc_get_vc_grid_data&quot;,&quot;shortcode_id&quot;:&quot;1674218320007-957b71b7-f99d-5&quot;,&quot;items_per_page&quot;:3,&quot;tag&quot;:&quot;vc_basic_grid&quot;}\" data-vc-request=\"https:\/\/castroasociados.com.ec\/wp-admin\/admin-ajax.php\" data-vc-post-id=\"31317\" data-vc-public-nonce=\"9b66167013\">\n\t\t<style data-type=\"vc_shortcodes-custom-css\">.vc_custom_1646333062295{margin-top: -15px !important;margin-right: -15px !important;margin-bottom: -15px !important;margin-left: -15px !important;}<\/style><div class=\"vc_grid vc_row vc_grid-gutter-30px vc_pageable-wrapper vc_hook_hover\" data-vc-pageable-content=\"true\"><div class=\"vc_pageable-slide-wrapper vc_clearfix\" data-vc-grid-content=\"true\"><div class=\"vc_grid-item vc_clearfix vc_col-sm-4\"><div class=\"vc_grid-item-mini vc_clearfix\"><div class=\"vc_gitem-animated-block  vc_gitem-animate vc_gitem-animate-none\"  data-vc-animation=\"none\"><div class=\"vc_gitem-zone vc_gitem-zone-a vc-gitem-zone-height-mode-auto vc-gitem-zone-height-mode-auto-16-9\" style=\"background-image: url('https:\/\/castroasociados.com.ec\/wp-content\/uploads\/2015\/08\/curso-redes-castroasociados-gye.jpg') !important;\"><img decoding=\"async\" src=\"https:\/\/castroasociados.com.ec\/wp-content\/uploads\/2015\/08\/curso-redes-castroasociados-gye.jpg\" class=\"vc_gitem-zone-img\" alt=\"Curso Estrategia de Redes Sociales con Resultados de Negocio en Quito y GuayaquilSocial Media Strategy Course with Business Results in Quito and Guayaquil\"><div class=\"vc_gitem-zone-mini\"><\/div><\/div><div class=\"vc_gitem-zone vc_gitem-zone-b vc_custom_1646333062295 vc-gitem-zone-height-mode-auto vc_gitem-is-link\" style=\"background-image: url('https:\/\/castroasociados.com.ec\/wp-content\/uploads\/2015\/08\/curso-redes-castroasociados-gye.jpg') !important;\"><a href=\"https:\/\/castroasociados.com.ec\/wp-content\/uploads\/2015\/08\/curso-redes-castroasociados-gye.jpg\" title=\"<!--:es-->Curso Estrategia de Redes Sociales con Resultados de Negocio en Quito y Guayaquil<!--:--><!--:en-->Social Media Strategy Course with Business Results in Quito and Guayaquil<!--:-->\"  data-lightbox=\"lightbox[rel-31317-2650046606]\" data-vc-gitem-zone=\"prettyphotoLink\" class=\"vc_gitem-link prettyphoto vc-zone-link vc-prettyphoto-link\" ><\/a><img decoding=\"async\" src=\"https:\/\/castroasociados.com.ec\/wp-content\/uploads\/2015\/08\/curso-redes-castroasociados-gye.jpg\" class=\"vc_gitem-zone-img\" alt=\"Curso Estrategia de Redes Sociales con Resultados de Negocio en Quito y GuayaquilSocial Media Strategy Course with Business Results in Quito and Guayaquil\"><div class=\"vc_gitem-zone-mini\"><\/div><\/div><\/div><\/div><div class=\"vc_clearfix\"><\/div><\/div><div class=\"vc_grid-item vc_clearfix vc_col-sm-4\"><div class=\"vc_grid-item-mini vc_clearfix\"><div class=\"vc_gitem-animated-block  vc_gitem-animate vc_gitem-animate-none\"  data-vc-animation=\"none\"><div class=\"vc_gitem-zone vc_gitem-zone-a vc-gitem-zone-height-mode-auto vc-gitem-zone-height-mode-auto-16-9\" style=\"background-image: url('https:\/\/castroasociados.com.ec\/wp-content\/uploads\/2014\/04\/img7740-e1423287123809.jpg') !important;\"><img decoding=\"async\" src=\"https:\/\/castroasociados.com.ec\/wp-content\/uploads\/2014\/04\/img7740-e1423287123809.jpg\" class=\"vc_gitem-zone-img\" alt=\"Superintendencia de Compa\u00f1\u00edas Establece Contribuciones Oficiales para 2015\"><div class=\"vc_gitem-zone-mini\"><\/div><\/div><div class=\"vc_gitem-zone vc_gitem-zone-b vc_custom_1646333062295 vc-gitem-zone-height-mode-auto vc_gitem-is-link\" style=\"background-image: url('https:\/\/castroasociados.com.ec\/wp-content\/uploads\/2014\/04\/img7740-e1423287123809.jpg') !important;\"><a href=\"https:\/\/castroasociados.com.ec\/wp-content\/uploads\/2014\/04\/img7740-e1423287123809.jpg\" title=\"Superintendencia de Compa\u00f1\u00edas Establece Contribuciones Oficiales para 2015\"  data-lightbox=\"lightbox[rel-31317-2650046606]\" data-vc-gitem-zone=\"prettyphotoLink\" class=\"vc_gitem-link prettyphoto vc-zone-link vc-prettyphoto-link\" ><\/a><img decoding=\"async\" src=\"https:\/\/castroasociados.com.ec\/wp-content\/uploads\/2014\/04\/img7740-e1423287123809.jpg\" class=\"vc_gitem-zone-img\" alt=\"Superintendencia de Compa\u00f1\u00edas Establece Contribuciones Oficiales para 2015\"><div class=\"vc_gitem-zone-mini\"><\/div><\/div><\/div><\/div><div class=\"vc_clearfix\"><\/div><\/div><\/div><div data-lazy-loading-btn=\"true\" style=\"display: none;\"><a href=\"https:\/\/castroasociados.com.ec\/en\/\"><\/a><\/div><\/div>\n\t<\/div>\n<\/div><\/div><\/div><\/div><\/div><div class=\"vc_row wpb_row vc_row-fluid\"><div class=\"wpb_column vc_column_container vc_col-sm-12\"><div class=\"vc_column-inner\"><div class=\"wpb_wrapper\">\n\t<div class=\"wpb_text_column wpb_content_element\" >\n\t\t<div class=\"wpb_wrapper\">\n\t\t\t<h4>\u00c1reas de Especializaci\u00f3n<\/h4>\n\n\t\t<\/div>\n\t<\/div>\n<\/div><\/div><\/div><\/div><div class=\"vc_row wpb_row vc_row-fluid\"><div class=\"wpb_column vc_column_container vc_col-sm-4\"><div class=\"vc_column-inner\"><div class=\"wpb_wrapper\"><div class=\"vc_empty_space\"   style=\"height: 10px\"><span class=\"vc_empty_space_inner\"><\/span><\/div><section class=\"shortcode-teaser img-full frame-fancy frame-on fadeInUp animate-element\"><div class=\"shortcode-teaser-img\"><a class=\"layzr-bg rollover\" href=\"\/en\/servicios\/\"><img loading=\"lazy\" decoding=\"async\" class=\"lazy-load\" src=\"data:image\/svg+xml;charset=utf-8,%3Csvg xmlns%3D&#039;http%3A%2F%2Fwww.w3.org%2F2000%2Fsvg&#039; viewBox%3D&#039;0 0 600 400&#039;%2F%3E\" width=\"600\" height=\"400\" data-srcset=\"https:\/\/castroasociados.com.ec\/wp-content\/uploads\/2014\/10\/inicio-servicios-juridica.jpg 600w\" data-src=\"https:\/\/castroasociados.com.ec\/wp-content\/uploads\/2014\/10\/inicio-servicios-juridica.jpg\" \/><\/a><\/div><div class=\"shortcode-teaser-content text-big\"><h5 style=\"text-align: center;\">Asesor\u00eda Jur\u00eddica<\/h5>\n<\/div><\/section><div class=\"vc_empty_space\"   style=\"height: 10px\"><span class=\"vc_empty_space_inner\"><\/span><\/div><\/div><\/div><\/div><div class=\"wpb_column vc_column_container vc_col-sm-4\"><div class=\"vc_column-inner\"><div class=\"wpb_wrapper\"><div class=\"vc_empty_space\"   style=\"height: 10px\"><span class=\"vc_empty_space_inner\"><\/span><\/div><section class=\"shortcode-teaser img-full frame-fancy frame-on fadeInUp animate-element\"><div class=\"shortcode-teaser-img\"><a class=\"layzr-bg rollover\" href=\"\/en\/servicios\/\"><img loading=\"lazy\" decoding=\"async\" class=\"lazy-load\" src=\"data:image\/svg+xml;charset=utf-8,%3Csvg xmlns%3D&#039;http%3A%2F%2Fwww.w3.org%2F2000%2Fsvg&#039; viewBox%3D&#039;0 0 800 532&#039;%2F%3E\" width=\"800\" height=\"532\" data-srcset=\"https:\/\/castroasociados.com.ec\/wp-content\/uploads\/2014\/10\/inicio-servicios-marketing.jpg 800w\" data-src=\"https:\/\/castroasociados.com.ec\/wp-content\/uploads\/2014\/10\/inicio-servicios-marketing.jpg\" \/><\/a><\/div><div class=\"shortcode-teaser-content text-big\"><h5 style=\"text-align: center;\">Asesor\u00eda Empresarial<\/h5>\n<\/div><\/section><div class=\"vc_empty_space\"   style=\"height: 10px\"><span class=\"vc_empty_space_inner\"><\/span><\/div><\/div><\/div><\/div><div class=\"wpb_column vc_column_container vc_col-sm-4\"><div class=\"vc_column-inner\"><div class=\"wpb_wrapper\"><div class=\"vc_empty_space\"   style=\"height: 10px\"><span class=\"vc_empty_space_inner\"><\/span><\/div><section class=\"shortcode-teaser img-full frame-fancy frame-on fadeInUp animate-element\"><div class=\"shortcode-teaser-img\"><a class=\"layzr-bg rollover\" href=\"\/en\/servicios\/\"><img loading=\"lazy\" decoding=\"async\" class=\"lazy-load\" src=\"data:image\/svg+xml;charset=utf-8,%3Csvg xmlns%3D&#039;http%3A%2F%2Fwww.w3.org%2F2000%2Fsvg&#039; viewBox%3D&#039;0 0 800 532&#039;%2F%3E\" width=\"800\" height=\"532\" data-srcset=\"https:\/\/castroasociados.com.ec\/wp-content\/uploads\/2023\/01\/legal_tech.jpg 800w\" data-src=\"https:\/\/castroasociados.com.ec\/wp-content\/uploads\/2023\/01\/legal_tech.jpg\" \/><\/a><\/div><div class=\"shortcode-teaser-content text-big\"><h5 style=\"text-align: center;\">Legal Tech<\/h5>\n<\/div><\/section><div class=\"vc_empty_space\"   style=\"height: 10px\"><span class=\"vc_empty_space_inner\"><\/span><\/div><\/div><\/div><\/div><\/div><div class=\"vc_row wpb_row vc_row-fluid\"><div class=\"wpb_column vc_column_container vc_col-sm-12\"><div class=\"vc_column-inner\"><div class=\"wpb_wrapper\"><div class=\"vc_empty_space\"   style=\"height: 30px\"><span class=\"vc_empty_space_inner\"><\/span><\/div><\/div><\/div><\/div><\/div><div class=\"vc_row wpb_row vc_row-fluid\"><div class=\"wpb_column vc_column_container vc_col-sm-10\"><div class=\"vc_column-inner\"><div class=\"wpb_wrapper\"><div class=\"vc_empty_space\"   style=\"height: 50px\"><span class=\"vc_empty_space_inner\"><\/span><\/div>\n\t<div class=\"wpb_text_column wpb_content_element\" >\n\t\t<div class=\"wpb_wrapper\">\n\t\t\t<p style=\"text-align: left;\">El corcel es la imagen representativa y parte del isologotipo de nuestra firma, el mismo que en el \u00e1mbito de acci\u00f3n, representa la estrategia y destreza que utilizamos para lograr que nuestros socios tengan \u00e9xito en el manejo de sus empresas, negocios e incluso en su vida cotidiana, sin preocuparse de los asuntos de los cuales nuestra firma se ocupar\u00e1 y preocupar\u00e1 por ellos.<\/p>\n\n\t\t<\/div>\n\t<\/div>\n<div class=\"vc_empty_space\"   style=\"height: 40px\"><span class=\"vc_empty_space_inner\"><\/span><\/div><\/div><\/div><\/div><div class=\"wpb_column vc_column_container vc_col-sm-2\"><div class=\"vc_column-inner\"><div class=\"wpb_wrapper\">\n\t<div  class=\"wpb_single_image wpb_content_element vc_align_left\">\n\t\t\n\t\t<figure class=\"wpb_wrapper vc_figure\">\n\t\t\t<div class=\"vc_single_image-wrapper   vc_box_border_grey\"><img loading=\"lazy\" decoding=\"async\" width=\"300\" height=\"300\" src=\"https:\/\/castroasociados.com.ec\/wp-content\/uploads\/2015\/02\/addtohs-castro-300x300.png\" class=\"vc_single_image-img attachment-medium\" alt=\"\" title=\"addtohs-castro\" srcset=\"https:\/\/castroasociados.com.ec\/wp-content\/uploads\/2015\/02\/addtohs-castro-300x300.png 300w, https:\/\/castroasociados.com.ec\/wp-content\/uploads\/2015\/02\/addtohs-castro-150x150.png 150w, https:\/\/castroasociados.com.ec\/wp-content\/uploads\/2015\/02\/addtohs-castro.png 1000w\" sizes=\"auto, (max-width: 300px) 100vw, 300px\"  data-dt-location=\"https:\/\/castroasociados.com.ec\/en\/addtohs-castro\/\" \/><\/div>\n\t\t<\/figure>\n\t<\/div>\n<\/div><\/div><\/div><div class=\"wpb_column vc_column_container vc_col-sm-12\"><div class=\"vc_column-inner\"><div class=\"wpb_wrapper\"><div class=\"vc_row wpb_row vc_inner vc_row-fluid\"><div class=\"wpb_column vc_column_container vc_col-sm-12\"><div class=\"vc_column-inner\"><div class=\"wpb_wrapper\"><section class=\"vc_cta3-container\"><div class=\"vc_general vc_cta3 vc_cta3-style-classic vc_cta3-shape-rounded vc_cta3-align-left vc_cta3-color-classic vc_cta3-icon-size-md vc_cta3-icons-top vc_cta3-actions-bottom\"><div class=\"vc_cta3-icons\"><div class=\"vc_icon_element vc_icon_element-outer vc_icon_element-align-left\"><div class=\"vc_icon_element-inner vc_icon_element-color-grey vc_icon_element-size-md vc_icon_element-style- vc_icon_element-background-color-grey\" ><span class=\"vc_icon_element-icon fas fa-info-circle\" ><\/span><\/div><\/div><\/div><div class=\"vc_cta3_content-container\"><div class=\"vc_cta3-content\"><header class=\"vc_cta3-content-header\"><h2>\u00bfDeseas tener mas informaci\u00f3n sobre nosotros, nuestros servicios o nuestros asociados?<\/h2><\/header><p>D\u00e9janos tus datos y te enviaremos toda la informaci\u00f3n que necesites<\/p>\n<\/div><div class=\"vc_cta3-actions\"><div class=\"vc_btn3-container vc_btn3-inline\" ><a class=\"vc_general vc_btn3 vc_btn3-size-md vc_btn3-shape-rounded vc_btn3-style-modern vc_btn3-color-grey\" href=\"https:\/\/castroasociados.com.ec\/en\/contacto\/\" title=\"Contacto\">Contactanos!<\/a><\/div><\/div><\/div><\/div><\/section><\/div><\/div><\/div><\/div><\/div><\/div><\/div><\/div><div class=\"vc_row wpb_row vc_row-fluid\"><div class=\"wpb_column vc_column_container vc_col-sm-12\"><div class=\"vc_column-inner\"><div class=\"wpb_wrapper\"><div class=\"vc_empty_space\"   style=\"height: 16px\"><span class=\"vc_empty_space_inner\"><\/span><\/div><q class=\"h3-size shortcode-pullquote wf-cell align-left wf-1\"><p style=\"text-align: center;\">Nosotros no jugamos a la estad\u00edstica, <span class=\"paint-accent-color\">Jugamos al hombre<\/span><\/p>\n<\/q><div class=\"vc_empty_space\"   style=\"height: 40px\"><span class=\"vc_empty_space_inner\"><\/span><\/div><\/div><\/div><\/div><\/div>","protected":false},"excerpt":{"rendered":"<p>\u00c1reas de Especializaci\u00f3n El corcel es la imagen representativa y parte del isologotipo de nuestra firma, el mismo que en el \u00e1mbito de acci\u00f3n, representa la estrategia y destreza que utilizamos para lograr que nuestros socios tengan \u00e9xito en el manejo de sus empresas, negocios e incluso en su vida cotidiana, sin preocuparse de los&hellip;<\/p>","protected":false},"author":1,"featured_media":0,"parent":0,"menu_order":10,"comment_status":"closed","ping_status":"closed","template":"","meta":{"_joinchat":[],"footnotes":""},"class_list":["post-31317","page","type-page","status-publish","hentry","description-off"],"_links":{"self":[{"href":"https:\/\/castroasociados.com.ec\/en\/wp-json\/wp\/v2\/pages\/31317","targetHints":{"allow":["GET"]}}],"collection":[{"href":"https:\/\/castroasociados.com.ec\/en\/wp-json\/wp\/v2\/pages"}],"about":[{"href":"https:\/\/castroasociados.com.ec\/en\/wp-json\/wp\/v2\/types\/page"}],"author":[{"embeddable":true,"href":"https:\/\/castroasociados.com.ec\/en\/wp-json\/wp\/v2\/users\/1"}],"replies":[{"embeddable":true,"href":"https:\/\/castroasociados.com.ec\/en\/wp-json\/wp\/v2\/comments?post=31317"}],"version-history":[{"count":0,"href":"https:\/\/castroasociados.com.ec\/en\/wp-json\/wp\/v2\/pages\/31317\/revisions"}],"wp:attachment":[{"href":"https:\/\/castroasociados.com.ec\/en\/wp-json\/wp\/v2\/media?parent=31317"}],"curies":[{"name":"wp","href":"https:\/\/api.w.org\/{rel}","templated":true}]}}