{"id":14805,"date":"2014-04-23T14:50:39","date_gmt":"2014-04-23T14:50:39","guid":{"rendered":"http:\/\/the7.dream-demo.com\/?page_id=14805"},"modified":"2023-01-20T07:29:06","modified_gmt":"2023-01-20T12:29:06","slug":"mision-vision","status":"publish","type":"page","link":"https:\/\/castroasociados.com.ec\/en\/mision-vision\/","title":{"rendered":"Misi\u00f3n y Visi\u00f3n"},"content":{"rendered":"<div class=\"vc_row wpb_row vc_row-fluid\"><div class=\"wpb_column vc_column_container vc_col-sm-12\"><div class=\"vc_column-inner\"><div class=\"wpb_wrapper\">\n\t<div class=\"wpb_text_column wpb_content_element\" >\n\t\t<div class=\"wpb_wrapper\">\n\t\t\t<p><!--:es--><\/p>\n\n\t\t<\/div>\n\t<\/div>\n<\/div><\/div><\/div><\/div><div class=\"vc_row wpb_row vc_row-fluid\"><div class=\"wpb_column vc_column_container vc_col-sm-8\"><div class=\"vc_column-inner\"><div class=\"wpb_wrapper\"><div class=\"dt-fancy-separator title-left h6-size\" style=\"width: 100%;\"><div class=\"dt-fancy-title\"><span class=\"separator-holder separator-left\"><\/span>Misi\u00f3n<span class=\"separator-holder separator-right\"><\/span><\/div><\/div><div class=\"vc_empty_space\"   style=\"height: 33px\"><span class=\"vc_empty_space_inner\"><\/span><\/div><section class=\"shortcode-action-box table shortcode-action-bg plain-bg\"><div class=\"\"><p>La misi\u00f3n de nuestra firma es la de brindar soluciones a nuestros socios, a trav\u00e9s de asesoramiento profesional integral en las diferentes \u00e1reas de pr\u00e1ctica, a fin de cubrir\u00a0 oportunamente las necesidades y contingencias de nuestros socios con \u00e9tica, conciencia, compromiso y responsabilidad siendo \u00a0estos nuestros pilares y principios por lo cual aseguramos siempre el beneficio y los intereses de nuestros socios.<\/p>\n<\/div><\/section><div class=\"vc_empty_space\"   style=\"height: 40px\"><span class=\"vc_empty_space_inner\"><\/span><\/div><div class=\"dt-fancy-separator title-left h6-size\" style=\"width: 100%;\"><div class=\"dt-fancy-title\"><span class=\"separator-holder separator-left\"><\/span>Visi\u00f3n<span class=\"separator-holder separator-right\"><\/span><\/div><\/div><div class=\"vc_empty_space\"   style=\"height: 33px\"><span class=\"vc_empty_space_inner\"><\/span><\/div><section class=\"shortcode-action-box table shortcode-action-bg block-style-widget\"><div class=\"\"><p>Nuestra visi\u00f3n es la de ser reconocidos a nivel nacional, como uno de los estudios jur\u00eddicos de asesor\u00eda profesional integral de mayor prestigio en el Ecuador, siendo este el punto de partida para\u00a0 consolidar nuestra firma en el mercado local y continuar con la proyecci\u00f3n de la demanda de nuestros socios internacionales.<\/p>\n<\/div><\/section><div class=\"vc_empty_space\"   style=\"height: 40px\"><span class=\"vc_empty_space_inner\"><\/span><\/div><\/div><\/div><\/div><div class=\"wpb_column vc_column_container vc_col-sm-4\"><div class=\"vc_column-inner\"><div class=\"wpb_wrapper\"><div class=\"dt-fancy-separator title-left h6-size\" style=\"width: 100%;\"><div class=\"dt-fancy-title\"><span class=\"separator-holder separator-left\"><\/span>Valores<span class=\"separator-holder separator-right\"><\/span><\/div><\/div><div class=\"vc_empty_space\"   style=\"height: 33px\"><span class=\"vc_empty_space_inner\"><\/span><\/div><div class=\"standard-arrow list-divider bullet-top\"><ul>\n<li>\u00c9tica<\/li>\n<li>Conciencia<\/li>\n<li>Compromiso<\/li>\n<li>Responsabilidad<\/li>\n<li>Creatividad<\/li>\n<li>Productividad<\/li>\n<li>Honestidad<\/li>\n<li>Integridad<\/li>\n<li>Servicio<\/li>\n<\/ul>\n<\/div><div class=\"vc_empty_space\"   style=\"height: 40px\"><span class=\"vc_empty_space_inner\"><\/span><\/div><\/div><\/div><\/div><\/div>","protected":false},"excerpt":{"rendered":"<p>Misi\u00f3nVisi\u00f3nValores \u00c9tica Conciencia Compromiso Responsabilidad Creatividad Productividad Honestidad Integridad Servicio<\/p>","protected":false},"author":1,"featured_media":0,"parent":0,"menu_order":30,"comment_status":"closed","ping_status":"closed","template":"","meta":{"_joinchat":[],"footnotes":""},"class_list":["post-14805","page","type-page","status-publish","hentry","description-off"],"_links":{"self":[{"href":"https:\/\/castroasociados.com.ec\/en\/wp-json\/wp\/v2\/pages\/14805","targetHints":{"allow":["GET"]}}],"collection":[{"href":"https:\/\/castroasociados.com.ec\/en\/wp-json\/wp\/v2\/pages"}],"about":[{"href":"https:\/\/castroasociados.com.ec\/en\/wp-json\/wp\/v2\/types\/page"}],"author":[{"embeddable":true,"href":"https:\/\/castroasociados.com.ec\/en\/wp-json\/wp\/v2\/users\/1"}],"replies":[{"embeddable":true,"href":"https:\/\/castroasociados.com.ec\/en\/wp-json\/wp\/v2\/comments?post=14805"}],"version-history":[{"count":0,"href":"https:\/\/castroasociados.com.ec\/en\/wp-json\/wp\/v2\/pages\/14805\/revisions"}],"wp:attachment":[{"href":"https:\/\/castroasociados.com.ec\/en\/wp-json\/wp\/v2\/media?parent=14805"}],"curies":[{"name":"wp","href":"https:\/\/api.w.org\/{rel}","templated":true}]}}